{"id":2390,"date":"2026-01-26T12:30:03","date_gmt":"2026-01-26T11:30:03","guid":{"rendered":"https:\/\/festival-panoptikum.de\/?page_id=2390"},"modified":"2026-02-07T11:57:07","modified_gmt":"2026-02-07T10:57:07","slug":"schreibwerkstatt","status":"publish","type":"page","link":"https:\/\/festival-panoptikum.de\/en\/schreibwerkstatt\/","title":{"rendered":"Schreibwerkstatt"},"content":{"rendered":"<h2 class=\"wp-block-heading\">Schreibwerkstatt f\u00fcr Sch\u00fcler*innen mit Prof. Manfred Jahnke<\/h2>\n\n\n\n<p>Unfortunately, theatre for young audiences often plays a secondary role, both in educational institutions and in the arts pages. To emphasise the importance and impact of expert theatre criticism, we offer a writing workshop for pupils at the Labenwolf Gymnasium in Nuremberg. Together with <strong>Manfred Jahnke<\/strong>Freelance theatre scholar, critic and dramaturge with teaching assignments at the University of Music and Performing Arts in Stuttgart and the Institute for Theatre Studies at Ludwig Maximilian University in Munich, he will attend various performances during the festival.<\/p>\n\n\n\n<p>Together, reviews of the performances seen are written and discussed. A selection of the reviews are published on the homepage in the festival blog and on Curt online. In cooperation with our partner, the Parabol Media Centre, podcasts are also produced from the reviews and broadcast on Radio Funkenflug. In this way, we aim to show participants the diversity of forms, themes and aesthetics of theatre and its reception by young audiences, thereby helping to strengthen its role.<\/p>\n\n\n\n<figure class=\"wp-block-image size-large\"><img decoding=\"async\" width=\"1024\" height=\"710\" src=\"https:\/\/festival-panoptikum.de\/wp-content\/uploads\/2026\/02\/Gruppenbild-Schreibwerkstatt-2-1024x710.jpg\" alt=\"\" class=\"wp-image-2423\" srcset=\"https:\/\/festival-panoptikum.de\/wp-content\/uploads\/2026\/02\/Gruppenbild-Schreibwerkstatt-2-1024x710.jpg 1024w, https:\/\/festival-panoptikum.de\/wp-content\/uploads\/2026\/02\/Gruppenbild-Schreibwerkstatt-2-300x208.jpg 300w, https:\/\/festival-panoptikum.de\/wp-content\/uploads\/2026\/02\/Gruppenbild-Schreibwerkstatt-2-768x532.jpg 768w, https:\/\/festival-panoptikum.de\/wp-content\/uploads\/2026\/02\/Gruppenbild-Schreibwerkstatt-2-1536x1064.jpg 1536w, https:\/\/festival-panoptikum.de\/wp-content\/uploads\/2026\/02\/Gruppenbild-Schreibwerkstatt-2-2048x1419.jpg 2048w, https:\/\/festival-panoptikum.de\/wp-content\/uploads\/2026\/02\/Gruppenbild-Schreibwerkstatt-2-18x12.jpg 18w\" sizes=\"(max-width: 1024px) 100vw, 1024px\" \/><\/figure>","protected":false},"excerpt":{"rendered":"<p>Schreibwerkstatt f\u00fcr Sch\u00fcler*innen mit Prof. Manfred Jahnke An den Ausbildungsst\u00e4tten ebenso wie in den Feuilletons spielt das Theater f\u00fcr junges Publikum leider zu oft eine untergeordnete Rolle. Um die Bedeutung und Wirkung fachkundiger Theaterkritik unterstreichen, bieten wir eine Schreibwerkstatt f\u00fcr Sch\u00fcler*nnen des Labenwolf Gymnadiums in N\u00fcrnberg. Zusammen mit Manfred Jahnke, freiberuflicher Theaterwissenschaftler, Kritiker und Dramaturg [&hellip;]<\/p>","protected":false},"author":1,"featured_media":2395,"parent":0,"menu_order":0,"comment_status":"closed","ping_status":"closed","template":"","meta":{"footnotes":""},"class_list":["post-2390","page","type-page","status-publish","has-post-thumbnail","hentry"],"_links":{"self":[{"href":"https:\/\/festival-panoptikum.de\/en\/wp-json\/wp\/v2\/pages\/2390","targetHints":{"allow":["GET"]}}],"collection":[{"href":"https:\/\/festival-panoptikum.de\/en\/wp-json\/wp\/v2\/pages"}],"about":[{"href":"https:\/\/festival-panoptikum.de\/en\/wp-json\/wp\/v2\/types\/page"}],"author":[{"embeddable":true,"href":"https:\/\/festival-panoptikum.de\/en\/wp-json\/wp\/v2\/users\/1"}],"replies":[{"embeddable":true,"href":"https:\/\/festival-panoptikum.de\/en\/wp-json\/wp\/v2\/comments?post=2390"}],"version-history":[{"count":3,"href":"https:\/\/festival-panoptikum.de\/en\/wp-json\/wp\/v2\/pages\/2390\/revisions"}],"predecessor-version":[{"id":2424,"href":"https:\/\/festival-panoptikum.de\/en\/wp-json\/wp\/v2\/pages\/2390\/revisions\/2424"}],"wp:featuredmedia":[{"embeddable":true,"href":"https:\/\/festival-panoptikum.de\/en\/wp-json\/wp\/v2\/media\/2395"}],"wp:attachment":[{"href":"https:\/\/festival-panoptikum.de\/en\/wp-json\/wp\/v2\/media?parent=2390"}],"curies":[{"name":"wp","href":"https:\/\/api.w.org\/{rel}","templated":true}]}}