{"id":191,"date":"2021-12-02T18:11:59","date_gmt":"2021-12-02T17:11:59","guid":{"rendered":"https:\/\/devdoweb.com\/panoptikum\/?page_id=191"},"modified":"2024-01-05T12:43:56","modified_gmt":"2024-01-05T11:43:56","slug":"gruppenbestellung","status":"publish","type":"page","link":"https:\/\/festival-panoptikum.de\/en\/gruppenbestellung\/","title":{"rendered":"Order forms for groups"},"content":{"rendered":"<h2 class=\"wp-block-heading\">Bestellformulare<\/h2>\n\n\n\n<p class=\"has-black-color has-text-color has-link-color wp-elements-7677b36c2d6c83ea07ba8de8db37fb1f\">Nat\u00fcrlich k\u00f6nnt Ihr gerne weiterhin die pers\u00f6nliche Beratung und Buchung unter <a href=\"tel:+49911600050\" target=\"_blank\" rel=\"noreferrer noopener\">(0911) 600050<\/a><strong> <\/strong>nutzen! Solltet Ihr auch einmal alleine oder mit der Familie kommen wollen, dann verwendet daf\u00fcr am besten den entsprechenden Link:<\/p>\n\n\n\n<div class=\"wp-block-buttons is-layout-flex wp-block-buttons-is-layout-flex\">\n<div class=\"wp-block-button has-custom-width wp-block-button__width-50 is-style-outline is-style-outline--1\"><a class=\"wp-block-button__link wp-element-button\" href=\"http:\/\/festival-panoptikum.de\/en\/einzelbestellung\/\">zum Bestellformular f\u00fcr Einzelpersonen und Familien<\/a><\/div>\n<\/div>\n\n\n\n<p><\/p>\n\n\n\n<div class=\"wp-block-buttons is-layout-flex wp-block-buttons-is-layout-flex\">\n<div class=\"wp-block-button has-custom-width wp-block-button__width-50 is-style-outline is-style-outline--2\"><a class=\"wp-block-button__link wp-element-button\" href=\"https:\/\/panoptikum.reservix.de\">Tickets bei Reservix buchen<\/a><\/div>\n<\/div>\n\n\n\n<p><\/p>\n\n\n\n<h2 class=\"wp-block-heading\">Bestellformulare f\u00fcr Gruppen<\/h2>\n\n\n\n<div class=\"wp-block-contact-form-7-contact-form-selector\">\n<div class=\"wpcf7 no-js\" id=\"wpcf7-f244-o1\" lang=\"de-DE\" dir=\"ltr\" data-wpcf7-id=\"244\">\n<div class=\"screen-reader-response\"><p role=\"status\" aria-live=\"polite\" aria-atomic=\"true\"><\/p> <ul><\/ul><\/div>\n<form action=\"\/en\/wp-json\/wp\/v2\/pages\/191#wpcf7-f244-o1\" method=\"post\" class=\"wpcf7-form init\" aria-label=\"Kontaktformular\" novalidate=\"novalidate\" data-status=\"init\" data-trp-original-action=\"\/en\/wp-json\/wp\/v2\/pages\/191#wpcf7-f244-o1\">\n<fieldset class=\"hidden-fields-container\"><input type=\"hidden\" name=\"_wpcf7\" value=\"244\" \/><input type=\"hidden\" name=\"_wpcf7_version\" value=\"6.1.4\" \/><input type=\"hidden\" name=\"_wpcf7_locale\" value=\"de_DE\" \/><input type=\"hidden\" name=\"_wpcf7_unit_tag\" value=\"wpcf7-f244-o1\" \/><input type=\"hidden\" name=\"_wpcf7_container_post\" value=\"0\" \/><input type=\"hidden\" name=\"_wpcf7_posted_data_hash\" value=\"\" \/>\n<\/fieldset>\n<p><label> Theaterst\u00fcck*<br \/>\n<span class=\"wpcf7-form-control-wrap\" data-name=\"theaterstueck\"><input size=\"40\" maxlength=\"400\" class=\"wpcf7-form-control wpcf7-text wpcf7-validates-as-required\" aria-required=\"true\" aria-invalid=\"false\" value=\"\" type=\"text\" name=\"theaterstueck\" \/><\/span> <\/label>\n<\/p>\n<p><label> Wunschtermin*<br \/>\n<span class=\"wpcf7-form-control-wrap\" data-name=\"wunschtermin\"><input size=\"40\" maxlength=\"400\" class=\"wpcf7-form-control wpcf7-text wpcf7-validates-as-required\" aria-required=\"true\" aria-invalid=\"false\" value=\"\" type=\"text\" name=\"wunschtermin\" \/><\/span> <\/label>\n<\/p>\n<p><label> Uhrzeit*<br \/>\n<span class=\"wpcf7-form-control-wrap\" data-name=\"uhrzeit\"><input size=\"40\" maxlength=\"400\" class=\"wpcf7-form-control wpcf7-text wpcf7-validates-as-required\" aria-required=\"true\" aria-invalid=\"false\" value=\"\" type=\"text\" name=\"uhrzeit\" \/><\/span> <\/label>\n<\/p>\n<p><label> M\u00f6gliche(r) Ausweichtermin(e)<br \/>\n<span class=\"wpcf7-form-control-wrap\" data-name=\"ausweichtermine\"><input size=\"40\" maxlength=\"400\" class=\"wpcf7-form-control wpcf7-text\" aria-invalid=\"false\" value=\"\" type=\"text\" name=\"ausweichtermine\" \/><\/span> <\/label>\n<\/p>\n<p><label> Anzahl Kinder bzw. Sch\u00fcler:innen*<br \/>\n<span class=\"wpcf7-form-control-wrap\" data-name=\"pupils\"><input size=\"40\" maxlength=\"400\" class=\"wpcf7-form-control wpcf7-text wpcf7-validates-as-required\" aria-required=\"true\" aria-invalid=\"false\" value=\"\" type=\"text\" name=\"pupils\" \/><\/span> <\/label>\n<\/p>\n<p><label> Anzahl Begleitpersonen*<br \/>\n<span class=\"wpcf7-form-control-wrap\" data-name=\"begleitpersonen\"><input size=\"40\" maxlength=\"400\" class=\"wpcf7-form-control wpcf7-text wpcf7-validates-as-required\" aria-required=\"true\" aria-invalid=\"false\" value=\"\" type=\"text\" name=\"begleitpersonen\" \/><\/span> <\/label>\n<\/p>\n<p><label> Alter der Kinder bzw. Klassenstufe der Sch\u00fcler:innen*<br \/>\n<span class=\"wpcf7-form-control-wrap\" data-name=\"alterkinder\"><input size=\"40\" maxlength=\"400\" class=\"wpcf7-form-control wpcf7-text wpcf7-validates-as-required\" aria-required=\"true\" aria-invalid=\"false\" value=\"\" type=\"text\" name=\"alterkinder\" \/><\/span> <\/label>\n<\/p>\n<p><label> Name der Einrichtung oder Schule*<br \/>\n<span class=\"wpcf7-form-control-wrap\" data-name=\"nameschule\"><input size=\"40\" maxlength=\"400\" class=\"wpcf7-form-control wpcf7-text wpcf7-validates-as-required\" aria-required=\"true\" aria-invalid=\"false\" value=\"\" type=\"text\" name=\"nameschule\" \/><\/span> <\/label>\n<\/p>\n<p><label>Stra\u00dfe und Hausnummer*<br \/>\n<span class=\"wpcf7-form-control-wrap\" data-name=\"anschriftschule\"><input size=\"40\" maxlength=\"400\" class=\"wpcf7-form-control wpcf7-text wpcf7-validates-as-required\" aria-required=\"true\" aria-invalid=\"false\" value=\"\" type=\"text\" name=\"anschriftschule\" \/><\/span> <\/label>\n<\/p>\n<p><label> Postleitzahl und Ort*<br \/>\n<span class=\"wpcf7-form-control-wrap\" data-name=\"plzort\"><input size=\"40\" maxlength=\"400\" class=\"wpcf7-form-control wpcf7-text wpcf7-validates-as-required\" aria-required=\"true\" aria-invalid=\"false\" value=\"\" type=\"text\" name=\"plzort\" \/><\/span> <\/label>\n<\/p>\n<p><label> Ihr Name*<br \/>\n<span class=\"wpcf7-form-control-wrap\" data-name=\"ihrname\"><input size=\"40\" maxlength=\"400\" class=\"wpcf7-form-control wpcf7-text wpcf7-validates-as-required\" aria-required=\"true\" aria-invalid=\"false\" value=\"\" type=\"text\" name=\"ihrname\" \/><\/span> <\/label>\n<\/p>\n<p><label> Telefonnummer (gerne mobil)*<br \/>\n<span class=\"wpcf7-form-control-wrap\" data-name=\"telefon\"><input size=\"40\" maxlength=\"400\" class=\"wpcf7-form-control wpcf7-text wpcf7-validates-as-required\" aria-required=\"true\" aria-invalid=\"false\" value=\"\" type=\"text\" name=\"telefon\" \/><\/span> <\/label>\n<\/p>\n<p><label> E-Mail-Adresse*<br \/>\n<span class=\"wpcf7-form-control-wrap\" data-name=\"email\"><input size=\"40\" maxlength=\"400\" class=\"wpcf7-form-control wpcf7-email wpcf7-validates-as-required wpcf7-text wpcf7-validates-as-email\" aria-required=\"true\" aria-invalid=\"false\" value=\"\" type=\"email\" name=\"email\" \/><\/span> <\/label>\n<\/p>\n<p><label> Anmerkungen (z.B. Fragen oder W\u00fcnsche zur Barrierefreiheit) (optional)<br \/>\n<span class=\"wpcf7-form-control-wrap\" data-name=\"message\"><textarea cols=\"40\" rows=\"10\" maxlength=\"2000\" class=\"wpcf7-form-control wpcf7-textarea\" aria-invalid=\"false\" name=\"message\"><\/textarea><\/span> <\/label>\n<\/p>\n<p>Ich m\u00f6chte den Panoptikum-Newsletter per E-Mail erhalten*<br \/>\n<span class=\"wpcf7-form-control-wrap\" data-name=\"radio-newsletter\"><span class=\"wpcf7-form-control wpcf7-checkbox wpcf7-validates-as-required\"><span class=\"wpcf7-list-item first\"><label><input type=\"checkbox\" name=\"radio-newsletter[]\" value=\"Ja\" \/><span class=\"wpcf7-list-item-label\">Ja<\/span><\/label><\/span><span class=\"wpcf7-list-item last\"><label><input type=\"checkbox\" name=\"radio-newsletter[]\" value=\"Nein\" \/><span class=\"wpcf7-list-item-label\">Nein<\/span><\/label><\/span><\/span><\/span>\n<\/p>\n<p>We apply <a href=\"https:\/\/festival-panoptikum.de\/en\/datenschutz\/\">Privacy policy<\/a>. Wenn Sie den auf der Webseite angebotenen Newsletter beziehen m\u00f6chten, ben\u00f6tigen wir von Ihnen eine E-Mail-Adresse sowie Informationen, welche uns die \u00dcberpr\u00fcfung gestatten, dass Sie der Inhaber der angegebenen E-Mail-Adresse und mit dem Empfang des Newsletters einverstanden sind. Zur Gew\u00e4hrleistung einer einverst\u00e4ndlichen Newsletter-Versendung nutzen wir das sogenannte Single-Opt-in-Verfahren. Im Zuge dessen l\u00e4sst sich der potentielle Empf\u00e4nger in einen Verteiler aufnehmen. Anschlie\u00dfend erh\u00e4lt der Nutzer eine Best\u00e4tigung auf der Formular-Website. Diese Daten verwenden wir ausschlie\u00dflich f\u00fcr den Versand der angeforderten Informationen und Angebote. Als Newsletter Software wird SendinBlue verwendet. Ihre Daten werden dabei an die SendinBlue GmbH \u00fcbermittelt. SendinBlue ist es dabei untersagt, Ihre Daten zu verkaufen und f\u00fcr andere Zwecke als f\u00fcr den Versand von Newslettern zu nutzen. SendinBlue ist ein deutscher, zertifizierter Anbieter, welcher nach den Anforderungen der Datenschutz-Grundverordnung und des Bundesdatenschutzgesetzes ausgew\u00e4hlt wurde. Weitere Informationen finden Sie hier: https:\/\/de.sendinblue.com\/datenschutz-uebersicht\/. Die erteilte Einwilligung zur Speicherung der Daten, der E-Mail-Adresse sowie deren Nutzung zum Versand des Newsletters k\u00f6nnen Sie jederzeit widerrufen, am einfachsten \u00fcber den \"Abmelden\"-Link im n\u00e4chsten Newsletter. Die datenschutzrechtlichen Ma\u00dfnahmen unterliegen stets technischen Erneuerungen. Aus diesem Grund bitten wir Sie, sich regelm\u00e4\u00dfig \u00fcber unsere Datenschutzma\u00dfnahmen durch Einsichtnahme in unsere Datenschutzerkl\u00e4rung zu informieren.\n<\/p>\n<p><input class=\"wpcf7-form-control wpcf7-submit has-spinner\" type=\"submit\" value=\"absenden\" \/>\n<\/p><div class=\"wpcf7-response-output\" aria-hidden=\"true\"><\/div>\n<input type=\"hidden\" name=\"trp-form-language\" value=\"en\"\/><\/form>\n<\/div>\n<\/div>","protected":false},"excerpt":{"rendered":"<p>Bestellformulare Nat\u00fcrlich k\u00f6nnt Ihr gerne weiterhin die pers\u00f6nliche Beratung und Buchung unter (0911) 600050 nutzen! Solltet Ihr auch einmal alleine oder mit der Familie kommen wollen, dann verwendet daf\u00fcr am besten den entsprechenden Link: Bestellformulare f\u00fcr Gruppen<\/p>","protected":false},"author":3,"featured_media":0,"parent":0,"menu_order":8,"comment_status":"closed","ping_status":"closed","template":"","meta":{"footnotes":""},"class_list":["post-191","page","type-page","status-publish","hentry"],"_links":{"self":[{"href":"https:\/\/festival-panoptikum.de\/en\/wp-json\/wp\/v2\/pages\/191","targetHints":{"allow":["GET"]}}],"collection":[{"href":"https:\/\/festival-panoptikum.de\/en\/wp-json\/wp\/v2\/pages"}],"about":[{"href":"https:\/\/festival-panoptikum.de\/en\/wp-json\/wp\/v2\/types\/page"}],"author":[{"embeddable":true,"href":"https:\/\/festival-panoptikum.de\/en\/wp-json\/wp\/v2\/users\/3"}],"replies":[{"embeddable":true,"href":"https:\/\/festival-panoptikum.de\/en\/wp-json\/wp\/v2\/comments?post=191"}],"version-history":[{"count":21,"href":"https:\/\/festival-panoptikum.de\/en\/wp-json\/wp\/v2\/pages\/191\/revisions"}],"predecessor-version":[{"id":1750,"href":"https:\/\/festival-panoptikum.de\/en\/wp-json\/wp\/v2\/pages\/191\/revisions\/1750"}],"wp:attachment":[{"href":"https:\/\/festival-panoptikum.de\/en\/wp-json\/wp\/v2\/media?parent=191"}],"curies":[{"name":"wp","href":"https:\/\/api.w.org\/{rel}","templated":true}]}}