{"id":174,"date":"2021-12-01T19:52:53","date_gmt":"2021-12-01T18:52:53","guid":{"rendered":"https:\/\/devdoweb.com\/panoptikum\/?page_id=174"},"modified":"2026-02-06T14:49:59","modified_gmt":"2026-02-06T13:49:59","slug":"news","status":"publish","type":"page","link":"https:\/\/festival-panoptikum.de\/en\/news\/","title":{"rendered":"News &#038; Meldungen"},"content":{"rendered":"<p>Wegen einer Erkrankung im Ensemble muss die Vorstellung &#8222;Der Zinnsoldat und die Papiert\u00e4nzerin&#8220; am Sa, 7.2. um 17 Uhr im Theater Pf\u00fctze leider entfallen.&nbsp;<\/p>\n\n\n\n<p>Als Ersatzvorstellung zeigen wir &#8222;Niemand hei\u00dft Elise&#8220; (9+) vom Theater Pf\u00fctze.<\/p>\n\n\n\n<p>Bei Fragen melden Sie sich bitte unter 0911 6000-50 oder per mail unter vorverkauf@theater-mummpitz.de.<\/p>\n\n\n\n<hr class=\"wp-block-separator has-alpha-channel-opacity\"\/>\n\n\n\n<p>Leider muss die Vorstellung von &#8222;Ungehaltene Reden ungehaltener Kinder&#8220; am Donnerstag, 05.02. um 13:30h entfallen.<\/p>\n\n\n\n<hr class=\"wp-block-separator has-alpha-channel-opacity\"\/>\n\n\n\n<p>Endlich ist es soweit: Alle St\u00fccke sind eingebucht, das Programm steht und wir starten den Vorverkauf f\u00fcr das Festival panoptikum 2026!<\/p>\n\n\n\n<p>Auf unserer Homepage findet Ihr Informationen und Links zu allen Vorstellungen, Compagnien und Tickets.<\/p>\n\n\n\n<p><\/p>\n\n\n\n<p class=\"has-vivid-cyan-blue-color has-text-color has-link-color wp-elements-ca8dec7eb6c3387ee9edaba18d856718\">The time has finally come: all the plays have been booked, the program is set, and we are starting advance ticket sales for the panoptikum 2026 festival!<\/p>\n\n\n\n<p class=\"has-vivid-cyan-blue-color has-text-color has-link-color wp-elements-5fed80649062166011fe6fa1c010c35c\">You can find information and links to all performances, companies, and tickets on our homepage.<\/p>\n\n\n\n<p><\/p>\n\n\n\n<p>&#8212;&#8212;&#8212;&#8212;&#8212;&#8212;&#8212;&#8212;&#8212;&#8212;&#8212;&#8212;&#8212;&#8212;&#8212;&#8212;&#8212;&#8212;&#8212;&#8212;&#8212;&#8212;&#8212;&#8212;&#8212;&#8212;&#8212;&#8212;<\/p>\n\n\n\n<p><\/p>\n\n\n\n<p><strong>Liebe Panoptikum-Freunde,<\/strong><\/p>\n\n\n\n<p>bald geht es los, wir starten in den Vorverkauf f\u00fcr das Festival panoptikum 2026! Vorab m\u00f6chten wir Euch schon unsere Festivalpakete f\u00fcr Delegates empfehlen<strong>.<\/strong><\/p>\n\n\n\n<p><strong>What we offer:<\/strong><\/p>\n\n\n\n<ul class=\"wp-block-list\">\n<li>\u00dcbernachtung im Drei-Sterne-Festivalhotel (inklusive Fr\u00fchst\u00fcck)<\/li>\n\n\n\n<li>Eintrittskarten (gelten zugleich als Fahrschein f\u00fcr die \u00f6ffentlichen Verkehrsmittel f\u00fcr die Fahrten zu den Spielorten und zur\u00fcck)<\/li>\n\n\n\n<li>Lunch and dinner at the Festival base&nbsp;<\/li>\n\n\n\n<li>Opening celebration, ice skating, festival banquet &amp; party<\/li>\n<\/ul>\n\n\n\n<ol start=\"1\" class=\"wp-block-list\">\n<li><\/li>\n<\/ol>\n\n\n\n<p>Das hei\u00dft: Ihr seid rundum versorgt &nbsp;\u2013 nur die Organisation Eurer Anreise k\u00f6nnen wir Euch nicht abnehmen!&nbsp;<\/p>\n\n\n\n<ul class=\"wp-block-list\">\n<li>Kosten f\u00fcr das volle Programm betragen \u20ac 750,- (Teilbuchung m\u00f6glich ab \u20ac 150,-\/Tag)<\/li>\n\n\n\n<li>Wir schn\u00fcren euch auch gerne ein Paket falls weniger Tage gew\u00fcnscht werden.<\/li>\n<\/ul>\n\n\n\n<p>Travel expenses are not included!&nbsp;<strong>nicht&nbsp;<\/strong>inbegriffen!<\/p>\n\n\n\n<p><strong>How to book<\/strong><\/p>\n\n\n\n<p>Reserve your festival arrangement easily by sending an e-mail (including your billing address) to panoptikum@theater-mummpitz.de.&nbsp;<a href=\"mailto:panoptikum@theater-mummpitz.de\">panoptikum@theater-mummpitz.de<\/a>.&nbsp;Wir sehen uns beim Festival panoptikum vom 03.-08.02.2026 in N\u00fcrnberg!<\/p>\n\n\n\n<p class=\"has-vivid-cyan-blue-color has-text-color has-link-color wp-elements-c50dbeb2803f828ef0a3d17ea1d84a69\"><strong>Dear Panoptikum friends,<\/strong><\/p>\n\n\n\n<p class=\"has-vivid-cyan-blue-color has-text-color has-link-color wp-elements-e02108306ce17acd61346dd3291bfcb4\">It&#8217;s almost time \u2013 advance ticket sales for the Panoptikum Festival 2026 are about to begin! We would like to take this opportunity to recommend our festival packages for delegates.<\/p>\n\n\n\n<p class=\"has-vivid-cyan-blue-color has-text-color has-link-color wp-elements-2649b2b1ae33e831f3ce3b71c4fcd894\"><strong>What&#8217;s included?<\/strong><\/p>\n\n\n\n<ul class=\"wp-block-list\">\n<li class=\"has-vivid-cyan-blue-color has-text-color has-link-color wp-elements-b2f4e1c9746df4bef24767fcc2f9f67b\">Accommodation in a three-star festival hotel (including breakfast)<\/li>\n\n\n\n<li class=\"has-vivid-cyan-blue-color has-text-color has-link-color wp-elements-a528443b7eb5081418dcd963feda6c97\">Tickets (also valid as tickets for public transport to and from the venue)<\/li>\n\n\n\n<li class=\"has-vivid-cyan-blue-color has-text-color has-link-color wp-elements-e930b014256934c5494f1cddea4d46d3\">Lunch and dinner at the festival centre <\/li>\n\n\n\n<li class=\"has-vivid-cyan-blue-color has-text-color has-link-color wp-elements-0cd02c77db985101889f22f10e16c088\">Opening ceremony, ice skating, banquet &amp; party<\/li>\n<\/ul>\n\n\n\n<p class=\"has-vivid-cyan-blue-color has-text-color has-link-color wp-elements-fecd36b60fa4a05b953fdf99eeb083f4\">This means you don&#8217;t have to worry about a thing \u2013 except organising your own travel! The cost for the full programme is \u20ac750 (partial bookings possible from \u20ac150\/day)<\/p>\n\n\n\n<p class=\"has-vivid-cyan-blue-color has-text-color has-link-color wp-elements-6031567f2654b964e0d2ae5e107456be\">We are also happy to put together an individual package offer for you if you want to stay for fewer days. Travel costs are not included!<\/p>\n\n\n\n<p class=\"has-vivid-cyan-blue-color has-text-color has-link-color wp-elements-ee7ec2d9ad4b3055e9fab26dca76064e\"><strong>How does it work?<\/strong><\/p>\n\n\n\n<p class=\"has-vivid-cyan-blue-color has-text-color has-link-color wp-elements-613a8bcd534a73595b3bbe42a97ab9d3\">Inquire for your festival package by email (including your billing address) at panoptikum@theater-mummpitz.de.<\/p>\n\n\n\n<p class=\"has-vivid-cyan-blue-color has-text-color has-link-color wp-elements-616b5e2b6a95abce463357e666ea9f8d\">See you at the panoptikum festival from 3rd to 8th February 2026 in Nuremberg!<\/p>\n\n\n\n<hr class=\"wp-block-separator has-alpha-channel-opacity\"\/>\n\n\n\n<p><\/p>\n\n\n\n<p><\/p>\n\n\n\n<div class=\"wp-block-buttons is-layout-flex wp-block-buttons-is-layout-flex\">\n<div class=\"wp-block-button\"><a class=\"wp-block-button__link wp-element-button\" href=\"https:\/\/festival-panoptikum.de\/en\/newsletter\/\">Newsletter <\/a><\/div>\n<\/div>","protected":false},"excerpt":{"rendered":"<p>Wegen einer Erkrankung im Ensemble muss die Vorstellung &#8222;Der Zinnsoldat und die Papiert\u00e4nzerin&#8220; am Sa, 7.2. um 17 Uhr im Theater Pf\u00fctze leider entfallen.&nbsp; Als Ersatzvorstellung zeigen wir &#8222;Niemand hei\u00dft Elise&#8220; (9+) vom Theater Pf\u00fctze. Bei Fragen melden Sie sich bitte unter 0911 6000-50 oder per mail unter vorverkauf@theater-mummpitz.de. Leider muss die Vorstellung von &#8222;Ungehaltene [&hellip;]<\/p>","protected":false},"author":3,"featured_media":1301,"parent":0,"menu_order":11,"comment_status":"closed","ping_status":"closed","template":"","meta":{"footnotes":""},"class_list":["post-174","page","type-page","status-publish","has-post-thumbnail","hentry"],"_links":{"self":[{"href":"https:\/\/festival-panoptikum.de\/en\/wp-json\/wp\/v2\/pages\/174","targetHints":{"allow":["GET"]}}],"collection":[{"href":"https:\/\/festival-panoptikum.de\/en\/wp-json\/wp\/v2\/pages"}],"about":[{"href":"https:\/\/festival-panoptikum.de\/en\/wp-json\/wp\/v2\/types\/page"}],"author":[{"embeddable":true,"href":"https:\/\/festival-panoptikum.de\/en\/wp-json\/wp\/v2\/users\/3"}],"replies":[{"embeddable":true,"href":"https:\/\/festival-panoptikum.de\/en\/wp-json\/wp\/v2\/comments?post=174"}],"version-history":[{"count":69,"href":"https:\/\/festival-panoptikum.de\/en\/wp-json\/wp\/v2\/pages\/174\/revisions"}],"predecessor-version":[{"id":2417,"href":"https:\/\/festival-panoptikum.de\/en\/wp-json\/wp\/v2\/pages\/174\/revisions\/2417"}],"wp:featuredmedia":[{"embeddable":true,"href":"https:\/\/festival-panoptikum.de\/en\/wp-json\/wp\/v2\/media\/1301"}],"wp:attachment":[{"href":"https:\/\/festival-panoptikum.de\/en\/wp-json\/wp\/v2\/media?parent=174"}],"curies":[{"name":"wp","href":"https:\/\/api.w.org\/{rel}","templated":true}]}}