{"id":144,"date":"2021-12-28T12:06:45","date_gmt":"2021-12-28T11:06:45","guid":{"rendered":"https:\/\/devdoweb.com\/panoptikum\/?page_id=144"},"modified":"2025-06-11T12:51:18","modified_gmt":"2025-06-11T10:51:18","slug":"team-kontakt","status":"publish","type":"page","link":"https:\/\/festival-panoptikum.de\/en\/team-kontakt\/","title":{"rendered":"Team &amp; Contact"},"content":{"rendered":"<h3 class=\"wp-block-heading\" id=\"team\">Team<\/h3>\n\n\n\n<p>Art Director: Andrea Maria Erl<br>Auswahl der Gastspiele: Wally Geyermann, Andrea Maria Erl, Meike Kremer, Lisa St\u00fctzer &amp; Gabriele Villbrandt <br>Organisationsleitung: Wally Geyermann, Gabriel Drempetic, Florian Eschenbach <br>PR: Britta Steinmann<br>Association Chairman: Michael Bang<br>Kaufm\u00e4nnische Leitung: Svitlana Mykhailenko<br>Ticketing: Wiebke Schwegler<br>Technical Coordinator: Gabriel Drempetic<br>Realisation\u00a0<a href=\"http:\/\/www.theater-mummpitz.de\/\" target=\"_blank\" rel=\"noreferrer noopener\">Theater Mummpitz<\/a><\/p>\n\n\n\n<h3 class=\"wp-block-heading\" id=\"kontakt\">Kontakt<\/h3>\n\n\n\n<p>Festival office<br>c\/o Theater Mummpitz, Michael-Ende-Str. 17, D-90439 N\u00fcrnberg<br>Fon (+49 911) 6000-521<\/p>\n\n\n\n<h3 class=\"wp-block-heading\">Questions? Ideas? Review? Wishes? Compliments?<\/h3>\n\n\n\n<p>click&nbsp;<a href=\"mailto:panoptikum@theater-mummpitz.de\">here<\/a>!<\/p>","protected":false},"excerpt":{"rendered":"<p>Team K\u00fcnstlerische Leitung: Andrea Maria ErlAuswahl der Gastspiele: Wally Geyermann, Andrea Maria Erl, Meike Kremer, Lisa St\u00fctzer &amp; Gabriele Villbrandt Organisationsleitung: Wally Geyermann, Gabriel Drempetic, Florian Eschenbach Presse- und \u00d6ffentlichkeitsarbeit: Britta SteinmannVereinsvorstand: Michael BangKaufm\u00e4nnische Leitung: Svitlana MykhailenkoTicketing: Wiebke SchweglerTechnische Koordination: Gabriel DrempeticDurchf\u00fchrung:\u00a0Theater Mummpitz Kontakt Festivalb\u00fcroc\/o Theater Mummpitz, Michael-Ende-Str. 17, D-90439 N\u00fcrnbergFon (+49 911) 6000-521 Fragen? [&hellip;]<\/p>","protected":false},"author":3,"featured_media":1918,"parent":0,"menu_order":3,"comment_status":"closed","ping_status":"closed","template":"","meta":{"footnotes":""},"class_list":["post-144","page","type-page","status-publish","has-post-thumbnail","hentry"],"_links":{"self":[{"href":"https:\/\/festival-panoptikum.de\/en\/wp-json\/wp\/v2\/pages\/144","targetHints":{"allow":["GET"]}}],"collection":[{"href":"https:\/\/festival-panoptikum.de\/en\/wp-json\/wp\/v2\/pages"}],"about":[{"href":"https:\/\/festival-panoptikum.de\/en\/wp-json\/wp\/v2\/types\/page"}],"author":[{"embeddable":true,"href":"https:\/\/festival-panoptikum.de\/en\/wp-json\/wp\/v2\/users\/3"}],"replies":[{"embeddable":true,"href":"https:\/\/festival-panoptikum.de\/en\/wp-json\/wp\/v2\/comments?post=144"}],"version-history":[{"count":19,"href":"https:\/\/festival-panoptikum.de\/en\/wp-json\/wp\/v2\/pages\/144\/revisions"}],"predecessor-version":[{"id":1883,"href":"https:\/\/festival-panoptikum.de\/en\/wp-json\/wp\/v2\/pages\/144\/revisions\/1883"}],"wp:featuredmedia":[{"embeddable":true,"href":"https:\/\/festival-panoptikum.de\/en\/wp-json\/wp\/v2\/media\/1918"}],"wp:attachment":[{"href":"https:\/\/festival-panoptikum.de\/en\/wp-json\/wp\/v2\/media?parent=144"}],"curies":[{"name":"wp","href":"https:\/\/api.w.org\/{rel}","templated":true}]}}