{"id":1334,"date":"2023-10-13T10:12:50","date_gmt":"2023-10-13T08:12:50","guid":{"rendered":"https:\/\/festival-panoptikum.de\/?page_id=1334"},"modified":"2025-11-27T12:23:39","modified_gmt":"2025-11-27T11:23:39","slug":"barrierefreiheit","status":"publish","type":"page","link":"https:\/\/festival-panoptikum.de\/en\/barrierefreiheit\/","title":{"rendered":"Barrier-free"},"content":{"rendered":"<h2 class=\"wp-block-heading\">Veranstaltungen mit niedrigen Barrieren<\/h2>\n\n\n\n<p>Wir bem\u00fchen uns, Barrieren und Hindernisse auf dem Weg zum Festivalbesuch immer weiter abzubauen. F\u00fcr Menschen mit H\u00f6reinschr\u00e4nkungen bieten sich vor allem die zahlreichen Vorstellungen ohne Sprache:<\/p>\n\n\n\n<ul class=\"wp-block-list\">\n<li>Benched &#8211; Auf die B\u00e4nke, fertig, los! (Uppercut Dance Theatre)<\/li>\n\n\n\n<li>Entglitten (Spiel.Werk Ansbach)<\/li>\n\n\n\n<li>Fliegende W\u00f6rter (Ceren Oran &amp; Moving Borders)<\/li>\n\n\n\n<li>Nos petits penchants &#8211; Unsere kleinen Schw\u00e4chen (Cie. Des Fourmis dans la Laterne)<\/li>\n\n\n\n<li>Ginger (Newski Prospekt)<\/li>\n\n\n\n<li>Gretel (Quattrox4)<\/li>\n\n\n\n<li>Sawdust Symphonie &#8211; Symphonie auf S\u00e4gesp\u00e4nen (Michael Zand, David Eisele, Kolja Hunek)<\/li>\n<\/ul>\n\n\n\n<p> Au\u00dferdem bieten wir f\u00fcr Menschen mit Sehbeeintr\u00e4chtigungen eine Tastf\u00fchrung bei <strong>Freddie und die ganze Katastrophe<\/strong> an.<\/p>\n\n\n\n<p>If you have any tips or suggestions for improving the festival, we would be delighted to hear from you at presse@theater-mummpitz.de.<\/p>\n\n\n\n<p><\/p>\n\n\n\n<h2 class=\"wp-block-heading\">Access to the venues<\/h2>\n\n\n\n<p class=\"has-medium-font-size\">You can find information for the following venues<\/p>\n\n\n\n<ul class=\"wp-block-list\">\n<li><a href=\"https:\/\/www.theater-pfuetze.de\/service\/anfahrt-kontakt\">Theater Pf\u00fctze<\/a><\/li>\n\n\n\n<li><a href=\"https:\/\/www.salzundpfeffer-theater.de\/theaterbesuch.html\">Theater Salz+Pfeffer<\/a><\/li>\n\n\n\n<li><a href=\"https:\/\/www.kunstkulturquartier.de\/kuenstlerhaus\/besuch\/anreise\">K\u00fcnstlerhaus<\/a><\/li>\n\n\n\n<li><a href=\"https:\/\/www.kunstkulturquartier.de\/tafelhalle\/besuch\/barrierefreiheit\">Tafelhalle<\/a><\/li>\n\n\n\n<li><a href=\"https:\/\/www.nuernberg.de\/internet\/kuf_kultur\/kulturwerkstattbarrierefreiheitneu.html\">Kulturwerkstatt auf AEG<\/a><\/li>\n\n\n\n<li><a href=\"https:\/\/www.staatstheater-nuernberg.de\/content\/barrierearmut\">Schauspielhaus N\u00fcrnberg<\/a><\/li>\n<\/ul>\n\n\n\n<h2 class=\"wp-block-heading\">Der Weg ins Theater Mummpitz<\/h2>\n\n\n\n<p>Our tickets include use of public transport. The stop for the Mummpitz Theatre is \u2018Rothenburger Stra\u00dfe\u2019, which can be reached by S1, U2 and U3. The stops have a lift. From there, it is approx. 350 m to the theatre. In winter, access from the pavement at Villa Leon may be blocked due to a lack of winter maintenance. In this case, there is a detour on the right-hand side of the tiled building and via Michael-Ende-Stra\u00dfe to the theatre entrance. <\/p>\n\n\n\n<p>The theatre is located at the end of a cul-de-sac. There are only a few parking spaces available there. There is a disabled parking space in front of the primary school opposite.  <\/p>\n\n\n\n<h2 class=\"wp-block-heading\">Access to Theater Mummpitz<\/h2>\n\n\n\n<p>The theatre foyer, cloakrooms, Caf\u00e9 Mahlzahn and toilets (including a disabled toilet) are all at ground level and accessible. Access to the theatre auditorium is via a few steps. For wheelchair users and people with walking disabilities, we offer the option of using a ground-level entrance accompanied by a member of the Mummpitz team before the regular admission time. Please register in advance at our advance booking office or at the box office and be on site at least 15 minutes before the start of the performance.<\/p>\n\n\n\n<p>Wheelchair spaces are provided in front of the first row of seats. If wheelchair users or people with walking aids wish to sit in the regular seats, these aids can be stored by the Mummpitz team for the duration of the performance.<\/p>\n\n\n\n<h2 class=\"wp-block-heading\">Einschr\u00e4nkungen<\/h2>\n\n\n\n<p>Unfortunately, we are not yet able to make all of our offerings accessible. We are unable to provide barrier-free access for some programme items. However, we always endeavour to find individual solutions. If you have any special needs, please send us an email at vorverkauf@theater-mummpitz.de or call us on 0911 6000-50. <a href=\"mailto:vorverkauf@theater-mummpitz.de\" target=\"_blank\" rel=\"noreferrer noopener\">vorverkauf@theater-mummpitz.de<\/a> oder einen Anruf unter 0911 6000-50 <\/p>\n\n\n\n<p>In order to improve, we also welcome suggestions and comments.<\/p>\n\n\n\n<p><\/p>","protected":false},"excerpt":{"rendered":"<p>Veranstaltungen mit niedrigen Barrieren Wir bem\u00fchen uns, Barrieren und Hindernisse auf dem Weg zum Festivalbesuch immer weiter abzubauen. F\u00fcr Menschen mit H\u00f6reinschr\u00e4nkungen bieten sich vor allem die zahlreichen Vorstellungen ohne Sprache: Au\u00dferdem bieten wir f\u00fcr Menschen mit Sehbeeintr\u00e4chtigungen eine Tastf\u00fchrung bei Freddie und die ganze Katastrophe an. Falls Ihr noch Tipps und Vorschl\u00e4ge f\u00fcr ein [&hellip;]<\/p>","protected":false},"author":1,"featured_media":0,"parent":0,"menu_order":0,"comment_status":"closed","ping_status":"closed","template":"","meta":{"footnotes":""},"class_list":["post-1334","page","type-page","status-publish","hentry"],"_links":{"self":[{"href":"https:\/\/festival-panoptikum.de\/en\/wp-json\/wp\/v2\/pages\/1334","targetHints":{"allow":["GET"]}}],"collection":[{"href":"https:\/\/festival-panoptikum.de\/en\/wp-json\/wp\/v2\/pages"}],"about":[{"href":"https:\/\/festival-panoptikum.de\/en\/wp-json\/wp\/v2\/types\/page"}],"author":[{"embeddable":true,"href":"https:\/\/festival-panoptikum.de\/en\/wp-json\/wp\/v2\/users\/1"}],"replies":[{"embeddable":true,"href":"https:\/\/festival-panoptikum.de\/en\/wp-json\/wp\/v2\/comments?post=1334"}],"version-history":[{"count":16,"href":"https:\/\/festival-panoptikum.de\/en\/wp-json\/wp\/v2\/pages\/1334\/revisions"}],"predecessor-version":[{"id":2234,"href":"https:\/\/festival-panoptikum.de\/en\/wp-json\/wp\/v2\/pages\/1334\/revisions\/2234"}],"wp:attachment":[{"href":"https:\/\/festival-panoptikum.de\/en\/wp-json\/wp\/v2\/media?parent=1334"}],"curies":[{"name":"wp","href":"https:\/\/api.w.org\/{rel}","templated":true}]}}