{"id":133,"date":"2021-12-01T16:33:50","date_gmt":"2021-12-01T15:33:50","guid":{"rendered":"https:\/\/devdoweb.com\/panoptikum\/?page_id=133"},"modified":"2025-11-21T08:13:26","modified_gmt":"2025-11-21T07:13:26","slug":"spielorte-anfahrt","status":"publish","type":"page","link":"https:\/\/festival-panoptikum.de\/en\/spielorte-anfahrt\/","title":{"rendered":"Venues &amp; Directions"},"content":{"rendered":"<h2 class=\"wp-block-heading\">Venues<\/h2>\n\n\n\n<p><\/p>\n\n\n\n<ul class=\"wp-block-list additional_info_list\">\n<li><strong>Theater Mummpitz im Kachelbau mit Caf\u00e9 Mahlzahn<\/strong><br>Michael-Ende-Str. 17 | 90439 N\u00fcrnberg | U2, U3, S1, Bus 113 bis &#8222;Rothenburger Stra\u00dfe&#8220; |&nbsp;<a href=\"https:\/\/www.theater-mummpitz.de\/service\/kontakt-anfahrt\/\" target=\"_blank\" rel=\"noreferrer noopener\">Mehr Info<\/a><\/li>\n\n\n\n<li><strong>Tafelhalle N\u00fcrnberg<\/strong><br>\u00c4u\u00dfere Sulzbacher Stra\u00dfe 62 | Stra\u00dfenbahnlinie 8 bis &#8222;Tafelhalle&#8220; | <a href=\"https:\/\/www.kunstkulturquartier.de\/tafelhalle\/besuch\/anreise\">Mehr Info <\/a><\/li>\n\n\n\n<li><strong>Theater Pf\u00fctze<\/strong><br>\u00c4u\u00dferer Laufer Platz 22 | U2 \/ U3 \/ Stra\u00dfenbahn 8 bis &#8222;Rathenauplatz&#8220; | <a href=\"https:\/\/www.theater-pfuetze.de\/service\/anfahrt-kontakt\">Mehr Info <\/a><\/li>\n\n\n\n<li><strong>K\u00fcnstlerhaus im Kunstkulturquartier<\/strong><br>K\u00f6nigsstra\u00dfe 93 | Alle Linien, Haltestelle &#8222;Hauptbahnhof&#8220; | <a href=\"https:\/\/www.kunstkulturquartier.de\/kuenstlerhaus\/besuch\/anreise\">Mehr Info <\/a><\/li>\n\n\n\n<li><strong>3. Etage im Staatstheater N\u00fcrnberg<\/strong><br>Richard-Wagner-Platz | U2\/U21 und U3 bis &#8222;Opernhaus&#8220; | <a href=\"https:\/\/www.staatstheater-nuernberg.de\/content\/anfahrt\">Mehr Info<\/a> <\/li>\n\n\n\n<li><strong>Theater Salz+Pfeffer<\/strong><br>Frauentorgraben 73 | U1 \/ U2 \/ U3, Tram 4 + 6 bis &#8222;Pl\u00e4rrer&#8220; | <a href=\"https:\/\/www.salzundpfeffer-theater.de\/theaterbesuch.html\">Mehr Info<\/a> <\/li>\n\n\n\n<li><strong>Kulturwerkstatt Auf AEG<\/strong><br>F\u00fcrther Stra\u00dfe 244d | U1 bis &#8222;Eberhardshof&#8220; | <a href=\"https:\/\/www.nuernberg.de\/internet\/kuf_kultur\/kulturwerkstatt_kontakt_anfahrt.html\">Mehr Info <\/a><\/li>\n\n\n\n<li><strong>Theater Rootsl\u00f6ffel<\/strong><br><strong>Troststrasse 6<\/strong> | U1 bis &#8222;B\u00e4renschanze&#8220; | <a href=\"https:\/\/rootsloeffel.de\/kontakt\/\">Mehr Info <\/a><\/li>\n\n\n\n<li><\/li>\n<\/ul>\n\n\n\n<p><\/p>\n\n\n\n<p><\/p>","protected":false},"excerpt":{"rendered":"<p>Venues<\/p>","protected":false},"author":3,"featured_media":1916,"parent":0,"menu_order":16,"comment_status":"closed","ping_status":"closed","template":"","meta":{"footnotes":""},"class_list":["post-133","page","type-page","status-publish","has-post-thumbnail","hentry"],"_links":{"self":[{"href":"https:\/\/festival-panoptikum.de\/en\/wp-json\/wp\/v2\/pages\/133","targetHints":{"allow":["GET"]}}],"collection":[{"href":"https:\/\/festival-panoptikum.de\/en\/wp-json\/wp\/v2\/pages"}],"about":[{"href":"https:\/\/festival-panoptikum.de\/en\/wp-json\/wp\/v2\/types\/page"}],"author":[{"embeddable":true,"href":"https:\/\/festival-panoptikum.de\/en\/wp-json\/wp\/v2\/users\/3"}],"replies":[{"embeddable":true,"href":"https:\/\/festival-panoptikum.de\/en\/wp-json\/wp\/v2\/comments?post=133"}],"version-history":[{"count":43,"href":"https:\/\/festival-panoptikum.de\/en\/wp-json\/wp\/v2\/pages\/133\/revisions"}],"predecessor-version":[{"id":2223,"href":"https:\/\/festival-panoptikum.de\/en\/wp-json\/wp\/v2\/pages\/133\/revisions\/2223"}],"wp:featuredmedia":[{"embeddable":true,"href":"https:\/\/festival-panoptikum.de\/en\/wp-json\/wp\/v2\/media\/1916"}],"wp:attachment":[{"href":"https:\/\/festival-panoptikum.de\/en\/wp-json\/wp\/v2\/media?parent=133"}],"curies":[{"name":"wp","href":"https:\/\/api.w.org\/{rel}","templated":true}]}}