{"id":11,"date":"2021-11-15T17:11:44","date_gmt":"2021-11-15T16:11:44","guid":{"rendered":"https:\/\/devdoweb.com\/panoptikum\/?page_id=11"},"modified":"2021-12-01T19:51:37","modified_gmt":"2021-12-01T18:51:37","slug":"testseite","status":"publish","type":"page","link":"https:\/\/festival-panoptikum.de\/en\/","title":{"rendered":"Home"},"content":{"rendered":"<h2 class=\"wp-block-heading\">Festival Panoptikum<\/h2>\n\n\n\n<p>Unsere&nbsp;<a href=\"https:\/\/festival-panoptikum.de\/en\/bewerbung-application-for-2022\/\" class=\"\">Sichtungsphase<\/a>&nbsp;f\u00fcr das 12. Festival&nbsp;panoptikum&nbsp;ist beendet&nbsp;und wir haben unsere Auswahl getroffen: Elf Produktionen aus neun europ\u00e4ischen L\u00e4ndern, f\u00fcnf Produktionen aus f\u00fcnf bayerischen St\u00e4dten sowie f\u00fcnf Produktionen der beteiligten f\u00fcnf N\u00fcrnberger Spielorten werden f\u00fcr gro\u00dfartige Theatererlebnisse f\u00fcr Zuschauer:innen ab 3 Jahren sorgen.<\/p>\n\n\n\n<p>Momentan erstellen wir den Spielplan und hoffen, dass wir Euch im Dezember ein rundes Programm pr\u00e4sentieren k\u00f6nnen. Und dass&nbsp;panoptikum&nbsp;ganz klassisch analog stattfinden kann!<\/p>\n\n\n\n<p>Also schaut wieder vorbei oder &#8211; noch besser &#8211; abonniert unseren&nbsp;<a href=\"https:\/\/festival-panoptikum.de\/en\/newsletter\/\">Newsletter<\/a>.<\/p>\n\n\n\n<p><a href=\"https:\/\/festival-panoptikum.de\/en\/archiv\/panoptikum-2020\/\">Hier<\/a>&nbsp;kann man nachlesen, was 2020 auf dem Programm stand, und&nbsp;<a href=\"https:\/\/festival-panoptikum.de\/en\/app\/download\/8913522214\/2020_Programmheft.pdf\/?t=1579624845\">here<\/a>&nbsp;das Programmheft herunterladen. Eine \u00dcbersicht \u00fcber die Presseresonanz gibt es&nbsp;<a href=\"https:\/\/festival-panoptikum.de\/en\/archiv\/panoptikum-2020\/presseresonanz\/\">here<\/a>.<\/p>\n\n\n\n<p><em>Wer gesehen hat, wie hundert Grundschulkinder mucksm\u00e4uschenstill oder lachend, aber immer hochkonzentriert eine Stunde lang dem B\u00fchnengeschehen folgen, der m\u00f6chte Panoptikum gleich auf den Lehrplan setzen.<\/em>&nbsp;<em>(N\u00fcrnberger Nachrichten)<\/em><\/p>\n\n\n\n<p><\/p>\n\n\n\n<p><\/p>\n\n\n\n<p><\/p>\n\n\n\n<p><\/p>","protected":false},"excerpt":{"rendered":"<p>Festival Panoptikum Unsere&nbsp;Sichtungsphase&nbsp;f\u00fcr das 12. Festival&nbsp;panoptikum&nbsp;ist beendet&nbsp;und wir haben unsere Auswahl getroffen: Elf Produktionen aus neun europ\u00e4ischen L\u00e4ndern, f\u00fcnf Produktionen aus f\u00fcnf bayerischen St\u00e4dten sowie f\u00fcnf Produktionen der beteiligten f\u00fcnf N\u00fcrnberger Spielorten werden f\u00fcr gro\u00dfartige Theatererlebnisse f\u00fcr Zuschauer:innen ab 3 Jahren sorgen. Momentan erstellen wir den Spielplan und hoffen, dass wir Euch im Dezember ein [&hellip;]<\/p>","protected":false},"author":1,"featured_media":0,"parent":0,"menu_order":21,"comment_status":"closed","ping_status":"closed","template":"","meta":{"footnotes":""},"class_list":["post-11","page","type-page","status-publish","hentry"],"_links":{"self":[{"href":"https:\/\/festival-panoptikum.de\/en\/wp-json\/wp\/v2\/pages\/11","targetHints":{"allow":["GET"]}}],"collection":[{"href":"https:\/\/festival-panoptikum.de\/en\/wp-json\/wp\/v2\/pages"}],"about":[{"href":"https:\/\/festival-panoptikum.de\/en\/wp-json\/wp\/v2\/types\/page"}],"author":[{"embeddable":true,"href":"https:\/\/festival-panoptikum.de\/en\/wp-json\/wp\/v2\/users\/1"}],"replies":[{"embeddable":true,"href":"https:\/\/festival-panoptikum.de\/en\/wp-json\/wp\/v2\/comments?post=11"}],"version-history":[{"count":8,"href":"https:\/\/festival-panoptikum.de\/en\/wp-json\/wp\/v2\/pages\/11\/revisions"}],"predecessor-version":[{"id":1628,"href":"https:\/\/festival-panoptikum.de\/en\/wp-json\/wp\/v2\/pages\/11\/revisions\/1628"}],"wp:attachment":[{"href":"https:\/\/festival-panoptikum.de\/en\/wp-json\/wp\/v2\/media?parent=11"}],"curies":[{"name":"wp","href":"https:\/\/api.w.org\/{rel}","templated":true}]}}